{"id":3093,"date":"2022-03-21T16:49:33","date_gmt":"2022-03-21T15:49:33","guid":{"rendered":"https:\/\/xenit.it\/contactos\/"},"modified":"2022-04-02T12:39:54","modified_gmt":"2022-04-02T10:39:54","slug":"contactos","status":"publish","type":"page","link":"https:\/\/xenit.it\/es\/contactos\/","title":{"rendered":"Contactos"},"content":{"rendered":"[vc_row full_width=\u00bbstretch_row\u00bb content_placement=\u00bbbottom\u00bb video_bg=\u00bbself_hosted\u00bb css=\u00bb.vc_custom_1639807559652{padding-bottom: 0px !important;background-position: center !important;background-repeat: no-repeat !important;background-size: cover !important;}\u00bb video_bg_mp4=\u00bbhttps:\/\/xenit.it\/wp-content\/uploads\/2021\/11\/Atex_Xener_sede_cleanfeed.mp4&#8243; el_class=\u00bbmin-height-900-2&#8243;][vc_column css=\u00bb.vc_custom_1635421530231{margin-bottom: 0px !important;padding-bottom: 0px !important;}\u00bb][vc_row_inner css=\u00bb.vc_custom_1635421554709{margin-bottom: 0px !important;padding-bottom: 0px !important;}\u00bb][vc_column_inner width=\u00bb1\/2&#8243; css=\u00bb.vc_custom_1635499431510{margin-right: 40px !important;}\u00bb][vc_column_text font_family=\u00bbMontserrat\u00bb color=\u00bb#ffffff\u00bb font_size=\u00bb36px\u00bb font_weight=\u00bb800&#8243; line_height=\u00bb40px\u00bb css=\u00bb.vc_custom_1639807401712{margin-top: 20px !important;}\u00bb el_class=\u00bbtitolo-right-left\u00bb]Contactos[\/vc_column_text][\/vc_column_inner][vc_column_inner el_class=\u00bbborder-left-blue\u00bb width=\u00bb5\/12&#8243; css=\u00bb.vc_custom_1636795394674{margin-bottom: 0px !important;padding-bottom: 0px !important;padding-left: 30px !important;}\u00bb][vc_empty_space height=\u00bb400px\u00bb el_class=\u00bbhide-mobile\u00bb][vc_empty_space height=\u00bb150px\u00bb el_class=\u00bbhide-desktop\u00bb][\/vc_column_inner][vc_column_inner width=\u00bb1\/12&#8243;][\/vc_column_inner][\/vc_row_inner][\/vc_column][\/vc_row][vc_row full_width=\u00bbstretch_row_content_no_spaces\u00bb css=\u00bb.vc_custom_1639807778000{margin-top: 0px !important;margin-bottom: 0px !important;padding-top: 0px !important;padding-bottom: 0px !important;}\u00bb el_class=\u00bbimg_header\u00bb min_height=\u00bb0px\u00bb][vc_column css=\u00bb.vc_custom_1635422718105{margin-top: 0px !important;margin-bottom: 0px !important;padding-top: 0px !important;padding-bottom: 0px !important;}\u00bb min_height=\u00bb0px\u00bb][vc_single_image image=\u00bb2367&#8243; el_class=\u00bbimg_header header-contatti-img header-mobile\u00bb css=\u00bb.vc_custom_1639984764942{margin-left: -70px !important;padding-top: 0px !important;}\u00bb][\/vc_column][\/vc_row][vc_row full_width=\u00bbstretch_row\u00bb css=\u00bb.vc_custom_1636795433126{margin-bottom: 0px !important;padding-bottom: 0px !important;}\u00bb min_height=\u00bb89px\u00bb el_id=\u00bbstoria\u00bb el_class=\u00bbhide-mobile\u00bb][vc_column width=\u00bb1\/2&#8243;][\/vc_column][vc_column width=\u00bb1\/2&#8243; css=\u00bb.vc_custom_1639807806942{margin-top: -1px !important;margin-bottom: 0px !important;border-left-width: 2px !important;padding-top: 0px !important;padding-bottom: 0px !important;padding-left: 30px !important;border-left-color: #2f52a0 !important;border-left-style: solid !important;}\u00bb min_height=\u00bb89px\u00bb][vc_icon icon_fontawesome=\u00bbfas fa-circle\u00bb color=\u00bbcustom\u00bb size=\u00bbxs\u00bb custom_color=\u00bb#305fe0&#8243; el_class=\u00bbicon_circle\u00bb][\/vc_column][\/vc_row][vc_row full_width=\u00bbstretch_row\u00bb css=\u00bb.vc_custom_1635499528556{margin-top: 50px !important;background-position: 0 0 !important;background-repeat: no-repeat !important;}\u00bb el_class=\u00bbesperenza_innovazione\u00bb][vc_column width=\u00bb1\/12&#8243;][\/vc_column][vc_column width=\u00bb10\/12&#8243;][vc_column_text font_family=\u00bbMontserrat\u00bb color=\u00bb#2f52a0&#8243; font_size=\u00bb32px\u00bb font_weight=\u00bb800&#8243; line_height=\u00bb40px\u00bb text_align=\u00bbcenter\u00bb]\n<p style=\"text-align: center;\">\u00bfNecesitas asesoramiento o un presupuesto?<\/p>\n[\/vc_column_text][vc_separator color=\u00bbcustom\u00bb border_width=\u00bb3&#8243; el_width=\u00bb10&#8243; accent_color=\u00bb#305fe0&#8243; el_class=\u00bbbordo2&#8243; css=\u00bb.vc_custom_1635583115697{margin-top: 19px !important;margin-bottom: 19px !important;}\u00bb][vc_column_text font_family=\u00bbBarlow\u00bb color=\u00bb#305fe0&#8243; font_size=\u00bb20px\u00bb font_weight=\u00bb400&#8243; line_height=\u00bb30px\u00bb css=\u00bb.vc_custom_1635583108006{margin-top: 20px !important;}\u00bb text_align=\u00bbcenter\u00bb]\n<p style=\"text-align: center;\">Permite que te ayudemos<\/p>\n[\/vc_column_text][\/vc_column][vc_column width=\u00bb1\/12&#8243;][\/vc_column][\/vc_row][vc_row full_width=\u00bbstretch_row\u00bb equal_height=\u00bbyes\u00bb css=\u00bb.vc_custom_1635513940230{margin-top: 30px !important;margin-bottom: 0px !important;padding-bottom: 0px !important;}\u00bb min_height=\u00bb89px\u00bb][vc_column width=\u00bb1\/2&#8243; el_class=\u00bbpadding-left-right-60&#8243;]\n<div class=\"wpcf7 no-js\" id=\"wpcf7-f3337-o1\" lang=\"es-ES\" dir=\"ltr\" data-wpcf7-id=\"3337\">\n<div class=\"screen-reader-response\"><p role=\"status\" aria-live=\"polite\" aria-atomic=\"true\"><\/p> <ul><\/ul><\/div>\n<form action=\"\/es\/wp-json\/wp\/v2\/pages\/3093#wpcf7-f3337-o1\" method=\"post\" class=\"wpcf7-form init\" aria-label=\"Formulario de contacto\" novalidate=\"novalidate\" data-status=\"init\">\n<fieldset class=\"hidden-fields-container\"><input type=\"hidden\" name=\"_wpcf7\" value=\"3337\" \/><input type=\"hidden\" name=\"_wpcf7_version\" value=\"6.1.5\" \/><input type=\"hidden\" name=\"_wpcf7_locale\" value=\"es_ES\" \/><input type=\"hidden\" name=\"_wpcf7_unit_tag\" value=\"wpcf7-f3337-o1\" \/><input type=\"hidden\" name=\"_wpcf7_container_post\" value=\"0\" \/><input type=\"hidden\" name=\"_wpcf7_posted_data_hash\" value=\"\" \/><input type=\"hidden\" name=\"_wpcf7_recaptcha_response\" value=\"\" \/>\n<\/fieldset>\n<p><label class=\"blue\"> Nombre<br \/>\n<span class=\"wpcf7-form-control-wrap\" data-name=\"nome\"><input size=\"40\" maxlength=\"400\" class=\"wpcf7-form-control wpcf7-text\" aria-invalid=\"false\" value=\"\" type=\"text\" name=\"nome\" \/><\/span> <\/label>\n<\/p>\n<p><label class=\"blue\"> Apellido<br \/>\n<span class=\"wpcf7-form-control-wrap\" data-name=\"cognome\"><input size=\"40\" maxlength=\"400\" class=\"wpcf7-form-control wpcf7-text\" aria-invalid=\"false\" value=\"\" type=\"text\" name=\"cognome\" \/><\/span> <\/label>\n<\/p>\n<p><label class=\"blue\"> Funci\u00f3n*<br \/>\n<span class=\"wpcf7-form-control-wrap\" data-name=\"ruolo\"><input size=\"40\" maxlength=\"400\" class=\"wpcf7-form-control wpcf7-text wpcf7-validates-as-required\" aria-required=\"true\" aria-invalid=\"false\" value=\"\" type=\"text\" name=\"ruolo\" \/><\/span> <\/label>\n<\/p>\n<p><label class=\"blue\"> Empresa*<br \/>\n<span class=\"wpcf7-form-control-wrap\" data-name=\"azienda\"><input size=\"40\" maxlength=\"400\" class=\"wpcf7-form-control wpcf7-text wpcf7-validates-as-required\" aria-required=\"true\" aria-invalid=\"false\" value=\"\" type=\"text\" name=\"azienda\" \/><\/span> <\/label>\n<\/p>\n<p><label class=\"blue\"> Correo electr\u00f3nico*<br \/>\n<span class=\"wpcf7-form-control-wrap\" data-name=\"email\"><input size=\"40\" maxlength=\"400\" class=\"wpcf7-form-control wpcf7-email wpcf7-validates-as-required wpcf7-text wpcf7-validates-as-email\" aria-required=\"true\" aria-invalid=\"false\" value=\"\" type=\"email\" name=\"email\" \/><\/span> <\/label>\n<\/p>\n<p><label class=\"blue\"> Mensaje<br \/>\n<span class=\"wpcf7-form-control-wrap\" data-name=\"messaggio\"><textarea cols=\"40\" rows=\"10\" maxlength=\"2000\" class=\"wpcf7-form-control wpcf7-textarea\" aria-invalid=\"false\" name=\"messaggio\"><\/textarea><\/span> <\/label>\n<\/p>\n<p><span class=\"wpcf7-form-control-wrap\" data-name=\"privacy\"><span class=\"wpcf7-form-control wpcf7-acceptance\"><span class=\"wpcf7-list-item\"><label><input type=\"checkbox\" name=\"privacy\" value=\"1\" aria-invalid=\"false\" \/><span class=\"wpcf7-list-item-label\">Autorizo el tratamiento de los datos personales enviados de acuerdo con el C\u00f3digo de la privacidad vigente (art. 4 Decreto Legislativo 196\/03, Reglamento UE 2016\/679) y he le\u00eddo la  <a target=\"_blank\" href=\"https:\/\/xenit.it\/en\/privacy-policy\/\">Pol\u00edtica de Privacidad<\/a><\/span><\/label><\/span><\/span><\/span>\n<\/p>\n<p><span class=\"wpcf7-form-control-wrap\" data-name=\"commerciale\"><span class=\"wpcf7-form-control wpcf7-acceptance optional\"><span class=\"wpcf7-list-item\"><label><input type=\"checkbox\" name=\"commerciale\" value=\"1\" aria-invalid=\"false\" \/><span class=\"wpcf7-list-item-label\">Tambi\u00e9n doy mi consentimiento para la comunicaci\u00f3n de mis datos a los sujetos indicados en la pol\u00edtica con fines de comunicaci\u00f3n comercial<\/span><\/label><\/span><\/span><\/span><br \/>\n\t<center>\n<input class=\"wpcf7-form-control wpcf7-submit has-spinner\" type=\"submit\" value=\"Enviar\" \/>\n\t<\/center>\n<\/p><div class=\"wpcf7-response-output\" aria-hidden=\"true\"><\/div>\n<\/form>\n<\/div>\n[\/vc_column][vc_column width=\u00bb1\/2&#8243; css=\u00bb.vc_custom_1636796593251{margin-bottom: 0px !important;padding-top: 0px !important;padding-bottom: 0px !important;}\u00bb min_height=\u00bb89px\u00bb el_class=\u00bbborder-left-blue padding-left-right-60&#8243;][vc_column_text font_family=\u00bbMontserrat\u00bb color=\u00bb#2f52a0&#8243; font_size=\u00bb24px\u00bb font_weight=\u00bb800&#8243; line_height=\u00bb40px\u00bb text_align=\u00bbleft\u00bb]\nLl\u00e1manos<br \/>\n[\/vc_column_text]<div class=\"vcex-module vcex-list_item wpex-max-w-100 wpex-clr wpex-mb-5 vc_custom_1635513269238 vc_custom_1635513269238\" style=\"font-size:19px;color:#0f1b31;\"><a  href=\"tel:+39043485183\" class=\"vcex-list-item-link wpex-no-underline wpex-inherit-color\"><div class=\"vcex-list-item-inner wpex-inline-flex wpex-flex-no-wrap\"><div class=\"vcex-list-item-icon wpex-mr-10\"><div class=\"vcex-icon-wrap wpex-inline-flex wpex-justify-center wpex-items-center\"><span class=\"ticon ticon-phone\"><\/span><\/div><\/div><div class=\"vcex-list-item-text vcex-content wpex-flex-grow\">+39 0434 85183<\/div><\/div><\/a><\/div>[\/vc_column][\/vc_row][vc_row css=\u00bb.vc_custom_1637230051885{margin-top: 50px !important;}\u00bb el_class=\u00bbmargin-top-50-desktop\u00bb][vc_column width=\u00bb1\/2&#8243;][vc_column_text font_family=\u00bbMontserrat\u00bb color=\u00bb#2f52a0&#8243; font_size=\u00bb24px\u00bb font_weight=\u00bb800&#8243; line_height=\u00bb40px\u00bb text_align=\u00bbleft\u00bb]\nSede de oficinas y producci\u00f3n<br \/>\n[\/vc_column_text][vc_column_text font_family=\u00bbBarlow\u00bb color=\u00bb#0a0202&#8243; font_size=\u00bb20px\u00bb font_weight=\u00bb400&#8243; line_height=\u00bb30px\u00bb css=\u00bb.vc_custom_1643875769398{margin-top: 20px !important;}\u00bb text_align=\u00bbleft\u00bb]Atex Industries Srl<br \/>\nVia Forgaria, 7; zona industriale Ponterosso<br \/>\n33878 San Vito al Tagliamento (PN) \u2013 Italia<br \/>\nP.I.\/C.F. 8163340093\u00b0<\/p>\n<p><strong>Horarios<\/strong><\/p>\n<p>Oficinas:<br \/>\nLun-Vie: 8.30-13.00 \/ 14.00-17.30<\/p>\n<p>Producci\u00f3n y almac\u00e9n:<br \/>\nLun-Vie 8.00-12.00 \/ 13.00-17.00[\/vc_column_text][\/vc_column][vc_column width=\u00bb1\/2&#8243;][vc_gmaps link=\u00bb#E-8_JTNDaWZyYW1lJTIwc3JjJTNEJTIyaHR0cHMlM0ElMkYlMkZ3d3cuZ29vZ2xlLmNvbSUyRm1hcHMlMkZlbWJlZCUzRnBiJTNEJTIxMW0xOCUyMTFtMTIlMjExbTMlMjExZDI3NzQuNDg5MDIwNjE3Njc0JTIxMmQxMi44NzU1MTIwNjU3ODU0MjYlMjEzZDQ1Ljk0MTUxMTY1OTQ4NzQ2JTIxMm0zJTIxMWYwJTIxMmYwJTIxM2YwJTIxM20yJTIxMWkxMDI0JTIxMmk3NjglMjE0ZjEzLjElMjEzbTMlMjExbTIlMjExczB4NDc3YmRhMDc1ODI5Njc4MyUyNTNBMHg3YzM5ZTQ3YWY4ODI0ODM1JTIxMnNhdGV4JTI1MjBpbmR1c3RyaWVzJTIxNWUwJTIxM20yJTIxMXNpdCUyMTJzaXQlMjE0djE2MzcyMjk5NzkzNzQlMjE1bTIlMjExc2l0JTIxMnNpdCUyMiUyMHdpZHRoJTNEJTIyNjAwJTIyJTIwaGVpZ2h0JTNEJTIyNDUwJTIyJTIwc3R5bGUlM0QlMjJib3JkZXIlM0EwJTNCJTIyJTIwYWxsb3dmdWxsc2NyZWVuJTNEJTIyJTIyJTIwbG9hZGluZyUzRCUyMmxhenklMjIlM0UlM0MlMkZpZnJhbWUlM0U=\u00bb][\/vc_column][\/vc_row]\n","protected":false},"excerpt":{"rendered":"<p>[vc_row full_width=\u00bbstretch_row\u00bb content_placement=\u00bbbottom\u00bb video_bg=\u00bbself_hosted\u00bb css=\u00bb.vc_custom_1639807559652{padding-bottom: 0px !important;background-position: center !important;background-repeat: no-repeat !important;background-size: cover !important;}\u00bb video_bg_mp4=\u00bbhttps:\/\/xenit.it\/wp-content\/uploads\/2021\/11\/Atex_Xener_sede_cleanfeed.mp4&#8243; el_class=\u00bbmin-height-900-2&#8243;][vc_column css=\u00bb.vc_custom_1635421530231{margin-bottom: 0px !important;padding-bottom: 0px !important;}\u00bb][vc_row_inner css=\u00bb.vc_custom_1635421554709{margin-bottom: 0px !important;padding-bottom: 0px !important;}\u00bb][vc_column_inner width=\u00bb1\/2&#8243; css=\u00bb.vc_custom_1635499431510{margin-right: 40px !important;}\u00bb][vc_column_text font_family=\u00bbMontserrat\u00bb color=\u00bb#ffffff\u00bb font_size=\u00bb36px\u00bb font_weight=\u00bb800&#8243; line_height=\u00bb40px\u00bb css=\u00bb.vc_custom_1639807401712{margin-top: 20px !important;}\u00bb el_class=\u00bbtitolo-right-left\u00bb]Contactos[\/vc_column_text][\/vc_column_inner][vc_column_inner el_class=\u00bbborder-left-blue\u00bb width=\u00bb5\/12&#8243; css=\u00bb.vc_custom_1636795394674{margin-bottom: 0px !important;padding-bottom: 0px !important;padding-left: 30px !important;}\u00bb][vc_empty_space height=\u00bb400px\u00bb el_class=\u00bbhide-mobile\u00bb][vc_empty_space height=\u00bb150px\u00bb el_class=\u00bbhide-desktop\u00bb][\/vc_column_inner][vc_column_inner width=\u00bb1\/12&#8243;][\/vc_column_inner][\/vc_row_inner][\/vc_column][\/vc_row][vc_row full_width=\u00bbstretch_row_content_no_spaces\u00bb css=\u00bb.vc_custom_1639807778000{margin-top: 0px&hellip;<\/p>\n","protected":false},"author":1,"featured_media":0,"parent":0,"menu_order":0,"comment_status":"closed","ping_status":"closed","template":"","meta":{"footnotes":""},"class_list":["post-3093","page","type-page","status-publish","hentry","entry","no-media"],"yoast_head":"<!-- This site is optimized with the Yoast SEO plugin v27.2 - https:\/\/yoast.com\/product\/yoast-seo-wordpress\/ -->\n<title>Contactos - XENIT - Photovoltaic and Safety<\/title>\n<meta name=\"description\" content=\"Ll\u00e1manos: +39 0434 85183\" \/>\n<meta name=\"robots\" content=\"index, follow, max-snippet:-1, max-image-preview:large, max-video-preview:-1\" \/>\n<link rel=\"canonical\" href=\"https:\/\/xenit.it\/contatti\/\" \/>\n<meta property=\"og:locale\" content=\"es_ES\" \/>\n<meta property=\"og:type\" content=\"article\" \/>\n<meta property=\"og:title\" content=\"Contactos - XENIT - Photovoltaic and Safety\" \/>\n<meta property=\"og:description\" content=\"Ll\u00e1manos: +39 0434 85183\" \/>\n<meta property=\"og:url\" content=\"https:\/\/xenit.it\/contatti\/\" \/>\n<meta property=\"og:site_name\" content=\"XENIT - Photovoltaic and Safety\" \/>\n<meta property=\"article:modified_time\" content=\"2022-04-02T10:39:54+00:00\" \/>\n<meta name=\"twitter:card\" content=\"summary_large_image\" \/>\n<meta name=\"twitter:title\" content=\"Contactos - XENIT - Photovoltaic and Safety\" \/>\n<meta name=\"twitter:description\" content=\"Ll\u00e1manos: +39 0434 85183\" \/>\n<meta name=\"twitter:label1\" content=\"Tiempo de lectura\" \/>\n\t<meta name=\"twitter:data1\" content=\"4 minutos\" \/>\n<script type=\"application\/ld+json\" class=\"yoast-schema-graph\">{\"@context\":\"https:\/\/schema.org\",\"@graph\":[{\"@type\":\"WebPage\",\"@id\":\"https:\/\/xenit.it\/contatti\/\",\"url\":\"https:\/\/xenit.it\/contatti\/\",\"name\":\"Contactos - XENIT - Photovoltaic and Safety\",\"isPartOf\":{\"@id\":\"https:\/\/xenit.it\/#website\"},\"datePublished\":\"2022-03-21T15:49:33+00:00\",\"dateModified\":\"2022-04-02T10:39:54+00:00\",\"description\":\"Ll\u00e1manos: +39 0434 85183\",\"breadcrumb\":{\"@id\":\"https:\/\/xenit.it\/contatti\/#breadcrumb\"},\"inLanguage\":\"es\",\"potentialAction\":[{\"@type\":\"ReadAction\",\"target\":[\"https:\/\/xenit.it\/contatti\/\"]}]},{\"@type\":\"BreadcrumbList\",\"@id\":\"https:\/\/xenit.it\/contatti\/#breadcrumb\",\"itemListElement\":[{\"@type\":\"ListItem\",\"position\":1,\"name\":\"Home\",\"item\":\"https:\/\/xenit.it\/\"},{\"@type\":\"ListItem\",\"position\":2,\"name\":\"Contactos\"}]},{\"@type\":\"WebSite\",\"@id\":\"https:\/\/xenit.it\/#website\",\"url\":\"https:\/\/xenit.it\/\",\"name\":\"XENIT - Photovoltaic and Safety\",\"description\":\"Photovoltaic and Safety\",\"publisher\":{\"@id\":\"https:\/\/xenit.it\/#organization\"},\"potentialAction\":[{\"@type\":\"SearchAction\",\"target\":{\"@type\":\"EntryPoint\",\"urlTemplate\":\"https:\/\/xenit.it\/?s={search_term_string}\"},\"query-input\":{\"@type\":\"PropertyValueSpecification\",\"valueRequired\":true,\"valueName\":\"search_term_string\"}}],\"inLanguage\":\"es\"},{\"@type\":\"Organization\",\"@id\":\"https:\/\/xenit.it\/#organization\",\"name\":\"XENIT - Photovoltaic and Safety\",\"url\":\"https:\/\/xenit.it\/\",\"logo\":{\"@type\":\"ImageObject\",\"inLanguage\":\"es\",\"@id\":\"https:\/\/xenit.it\/#\/schema\/logo\/image\/\",\"url\":\"https:\/\/xenit.it\/wp-content\/uploads\/2021\/12\/Logo-xenit.png\",\"contentUrl\":\"https:\/\/xenit.it\/wp-content\/uploads\/2021\/12\/Logo-xenit.png\",\"width\":236,\"height\":105,\"caption\":\"XENIT - Photovoltaic and Safety\"},\"image\":{\"@id\":\"https:\/\/xenit.it\/#\/schema\/logo\/image\/\"}}]}<\/script>\n<!-- \/ Yoast SEO plugin. -->","yoast_head_json":{"title":"Contactos - XENIT - Photovoltaic and Safety","description":"Ll\u00e1manos: +39 0434 85183","robots":{"index":"index","follow":"follow","max-snippet":"max-snippet:-1","max-image-preview":"max-image-preview:large","max-video-preview":"max-video-preview:-1"},"canonical":"https:\/\/xenit.it\/contatti\/","og_locale":"es_ES","og_type":"article","og_title":"Contactos - XENIT - Photovoltaic and Safety","og_description":"Ll\u00e1manos: +39 0434 85183","og_url":"https:\/\/xenit.it\/contatti\/","og_site_name":"XENIT - Photovoltaic and Safety","article_modified_time":"2022-04-02T10:39:54+00:00","twitter_card":"summary_large_image","twitter_title":"Contactos - XENIT - Photovoltaic and Safety","twitter_description":"Ll\u00e1manos: +39 0434 85183","twitter_misc":{"Tiempo de lectura":"4 minutos"},"schema":{"@context":"https:\/\/schema.org","@graph":[{"@type":"WebPage","@id":"https:\/\/xenit.it\/contatti\/","url":"https:\/\/xenit.it\/contatti\/","name":"Contactos - XENIT - Photovoltaic and Safety","isPartOf":{"@id":"https:\/\/xenit.it\/#website"},"datePublished":"2022-03-21T15:49:33+00:00","dateModified":"2022-04-02T10:39:54+00:00","description":"Ll\u00e1manos: +39 0434 85183","breadcrumb":{"@id":"https:\/\/xenit.it\/contatti\/#breadcrumb"},"inLanguage":"es","potentialAction":[{"@type":"ReadAction","target":["https:\/\/xenit.it\/contatti\/"]}]},{"@type":"BreadcrumbList","@id":"https:\/\/xenit.it\/contatti\/#breadcrumb","itemListElement":[{"@type":"ListItem","position":1,"name":"Home","item":"https:\/\/xenit.it\/"},{"@type":"ListItem","position":2,"name":"Contactos"}]},{"@type":"WebSite","@id":"https:\/\/xenit.it\/#website","url":"https:\/\/xenit.it\/","name":"XENIT - Photovoltaic and Safety","description":"Photovoltaic and Safety","publisher":{"@id":"https:\/\/xenit.it\/#organization"},"potentialAction":[{"@type":"SearchAction","target":{"@type":"EntryPoint","urlTemplate":"https:\/\/xenit.it\/?s={search_term_string}"},"query-input":{"@type":"PropertyValueSpecification","valueRequired":true,"valueName":"search_term_string"}}],"inLanguage":"es"},{"@type":"Organization","@id":"https:\/\/xenit.it\/#organization","name":"XENIT - Photovoltaic and Safety","url":"https:\/\/xenit.it\/","logo":{"@type":"ImageObject","inLanguage":"es","@id":"https:\/\/xenit.it\/#\/schema\/logo\/image\/","url":"https:\/\/xenit.it\/wp-content\/uploads\/2021\/12\/Logo-xenit.png","contentUrl":"https:\/\/xenit.it\/wp-content\/uploads\/2021\/12\/Logo-xenit.png","width":236,"height":105,"caption":"XENIT - Photovoltaic and Safety"},"image":{"@id":"https:\/\/xenit.it\/#\/schema\/logo\/image\/"}}]}},"_links":{"self":[{"href":"https:\/\/xenit.it\/es\/wp-json\/wp\/v2\/pages\/3093","targetHints":{"allow":["GET"]}}],"collection":[{"href":"https:\/\/xenit.it\/es\/wp-json\/wp\/v2\/pages"}],"about":[{"href":"https:\/\/xenit.it\/es\/wp-json\/wp\/v2\/types\/page"}],"author":[{"embeddable":true,"href":"https:\/\/xenit.it\/es\/wp-json\/wp\/v2\/users\/1"}],"replies":[{"embeddable":true,"href":"https:\/\/xenit.it\/es\/wp-json\/wp\/v2\/comments?post=3093"}],"version-history":[{"count":3,"href":"https:\/\/xenit.it\/es\/wp-json\/wp\/v2\/pages\/3093\/revisions"}],"predecessor-version":[{"id":3878,"href":"https:\/\/xenit.it\/es\/wp-json\/wp\/v2\/pages\/3093\/revisions\/3878"}],"wp:attachment":[{"href":"https:\/\/xenit.it\/es\/wp-json\/wp\/v2\/media?parent=3093"}],"curies":[{"name":"wp","href":"https:\/\/api.w.org\/{rel}","templated":true}]}}